{"id":157,"date":"2021-12-02T00:09:23","date_gmt":"2021-12-01T23:09:23","guid":{"rendered":"http:\/\/www.assoph.org\/assoph.org\/?page_id=157"},"modified":"2024-12-02T12:48:23","modified_gmt":"2024-12-02T11:48:23","slug":"accueil","status":"publish","type":"page","link":"https:\/\/assoph.org\/assoph\/","title":{"rendered":"Accueil"},"content":{"rendered":"\t\t<div data-elementor-type=\"wp-page\" data-elementor-id=\"157\" class=\"elementor elementor-157\">\n\t\t\t\t\t\t<main class=\"elementor-section elementor-top-section elementor-element elementor-element-67064f57 ct-section-stretched elementor-section-full_width elementor-section-height-default elementor-section-height-default\" data-id=\"67064f57\" data-element_type=\"section\" data-e-type=\"section\" data-settings=\"{&quot;background_background&quot;:&quot;classic&quot;}\">\n\t\t\t\t\t\t<div class=\"elementor-container elementor-column-gap-default\">\n\t\t\t\t\t<div class=\"elementor-column elementor-col-33 elementor-top-column elementor-element elementor-element-3b047762\" data-id=\"3b047762\" data-element_type=\"column\" data-e-type=\"column\">\n\t\t\t<div class=\"elementor-widget-wrap elementor-element-populated\">\n\t\t\t\t\t\t<div class=\"elementor-element elementor-element-35a50a61 elementor-widget-tablet__width-auto elementor-widget elementor-widget-text-editor\" data-id=\"35a50a61\" data-element_type=\"widget\" data-e-type=\"widget\" data-widget_type=\"text-editor.default\">\n\t\t\t\t\t\t\t\t\t<h4><strong>Mot du Pr\u00e9sident<\/strong><\/h4><div class=\"style_SkipStroke_4 shape-with-text flowDefining\"><div class=\"text-content style_External_456_589\"><div class=\"style_1\"><p class=\"paragraph_style_1\">Depuis d\u00e9cembre 1996 la famille de Sophie n&rsquo;a cess\u00e9 de lutter dans la souffrance de la perte. Elle n&rsquo;a cess\u00e9 aussi d&rsquo;esp\u00e9rer en la justice.<\/p><p class=\"paragraph_style_1\">Mais apr\u00e8s onze ann\u00e9es de demandes r\u00e9p\u00e9t\u00e9es aupr\u00e8s des appareils de justice irlandais et fran\u00e7ais, d&rsquo;attentes, de faux espoirs, la situation avait atteint un seuil insupportable.<\/p><p class=\"paragraph_style_1\">Il fallait de toute urgence amplifier ce combat pour la v\u00e9rit\u00e9 et la justice en le faisant partager par tous ceux que l&rsquo;injustice r\u00e9volte, qu&rsquo;ils aient ou non connu Sophie. C&rsquo;est cela la raison d&rsquo;\u00eatre de notre association cr\u00e9\u00e9e le 29 d\u00e9cembre 2007 (J.O.).<\/p><p class=\"paragraph_style_1\">Apr\u00e8s presque quinze ann\u00e9es d&rsquo;existence, nous tous, par adh\u00e9sion ou toute autre forme de soutien, avons apport\u00e9 une certitude au fils de Sophie, \u00e0 ses parents, \u00e0 ses fr\u00e8res, celle de ne plus se sentir isol\u00e9s pour faire face aux annonces pr\u00e9matur\u00e9es et vaines, aux fausses certitudes, aux blocages de tout ordre.<\/p><p class=\"paragraph_style_1\">Avec eux, gr\u00e2ce \u00e0 la force de notre collectif, les actions que nous avons engag\u00e9es, comme celles que nous envisageons, et les questions que nous continuons \u00e0 poser, trouveront prochainement des r\u00e9ponses favorables \u00e0 la r\u00e9alisation compl\u00e8te de nos objectifs.<\/p><h5 class=\"paragraph_style_2\"><span class=\"style_2\">ASSOPH<\/span><\/h5><\/div><\/div><\/div>\t\t\t\t\t\t\t\t<\/div>\n\t\t\t\t\t<\/div>\n\t\t<\/div>\n\t\t\t\t<div class=\"elementor-column elementor-col-33 elementor-top-column elementor-element elementor-element-39a7901\" data-id=\"39a7901\" data-element_type=\"column\" data-e-type=\"column\">\n\t\t\t<div class=\"elementor-widget-wrap elementor-element-populated\">\n\t\t\t\t\t\t<div class=\"elementor-element elementor-element-592ceca elementor-grid-2 elementor-grid-tablet-1 elementor-widget-tablet__width-inherit elementor-grid-mobile-1 elementor-widget elementor-widget-elementor-blog-posts\" data-id=\"592ceca\" data-element_type=\"widget\" data-e-type=\"widget\" data-settings=\"{&quot;columns&quot;:&quot;2&quot;,&quot;columns_tablet&quot;:&quot;1&quot;,&quot;columns_mobile&quot;:&quot;1&quot;}\" data-widget_type=\"elementor-blog-posts.default\">\n\t\t\t\t<div class=\"elementor-widget-container\">\n\t\t\t\t\t\t\t<div class=\"wpcap-grid\">\n\t\t\t\t\t\t<div class=\"wpcap-grid-container elementor-grid wpcap-grid-desktop-2 wpcap-grid-tablet-1 wpcap-grid-mobile-1\">\n\n\t\t\t\t\n        <article id=\"post-1070\" class=\"wpcap-post post-1070 post type-post status-publish format-standard hentry category-non-classe\">\n         \n            <div class=\"post-grid-inner\">\n            \t\n            \t\n                <div class=\"post-grid-text-wrap\">\n               \t\t\t\t<h4 class=\"title\">\n\t\t\t<a href=\"https:\/\/assoph.org\/assoph\/articles-de-presse-autour-de-la-mort-de-ian-bailey\/\">Articles de presse autour de la mort de Ian Bailey<\/a>\n\t\t<\/h4>\n\t\t\t                \t                \t\t<div class=\"post-grid-excerpt\">\n\t\t\t<p>Les articles de presses suivants n&rsquo;engagent que leurs auteurs, ils ne refl\u00e8tent pas toujours la v\u00e9rit\u00e9 judiciaire \u00e9tablie le 31 mai 2019 par la Cour&hellip;<\/p>\n\t\t<\/div>\n\t\t\t                \t\t<a class=\"read-more-btn\" href=\"https:\/\/assoph.org\/assoph\/articles-de-presse-autour-de-la-mort-de-ian-bailey\/\">Lire la suite<\/a>\n\t\t                <\/div>\n\n            <\/div><!-- .blog-inner -->\n           \n        <\/article>\n\n        \n        <article id=\"post-619\" class=\"wpcap-post post-619 post type-post status-publish format-standard hentry category-laffaire\">\n         \n            <div class=\"post-grid-inner\">\n            \t\n            \t\n                <div class=\"post-grid-text-wrap\">\n               \t\t\t\t<h4 class=\"title\">\n\t\t\t<a href=\"https:\/\/assoph.org\/assoph\/15-crimes-contre-la-verite\/\">15 crimes contre la v\u00e9rit\u00e9<\/a>\n\t\t<\/h4>\n\t\t\t                \t                \t\t<div class=\"post-grid-excerpt\">\n\t\t\t<p>Affaire Sophie Toscan du Plantier : 15 crimes contre la v\u00e9rit\u00e9 La mort de Sophie le 23 d\u00e9cembre 1996 &nbsp;r\u00e9sulte d&rsquo;un crime. Le traitement de&hellip;<\/p>\n\t\t<\/div>\n\t\t\t                \t\t<a class=\"read-more-btn\" href=\"https:\/\/assoph.org\/assoph\/15-crimes-contre-la-verite\/\">Lire la suite<\/a>\n\t\t                <\/div>\n\n            <\/div><!-- .blog-inner -->\n           \n        <\/article>\n\n        \n        <article id=\"post-793\" class=\"wpcap-post post-793 post type-post status-publish format-standard hentry category-non-classe\">\n         \n            <div class=\"post-grid-inner\">\n            \t\n            \t\n                <div class=\"post-grid-text-wrap\">\n               \t\t\t\t<h4 class=\"title\">\n\t\t\t<a href=\"https:\/\/assoph.org\/assoph\/2020-aujourdhui-le-cavalier-seul-irlandais\/\">2020 &#8211; aujourd&rsquo;hui : le cavalier seul Irlandais<\/a>\n\t\t<\/h4>\n\t\t\t                \t                \t\t<div class=\"post-grid-excerpt\">\n\t\t\t<p>Malgr\u00e9 la condamnation de Ian Bailey par la justice fran\u00e7aise, l&rsquo;Irlande refuse d\u2019ex\u00e9cuter le mandat d&rsquo;arr\u00eat europ\u00e9en (MAE) \u00e9mis contre lui et relance les enqu\u00eates&hellip;<\/p>\n\t\t<\/div>\n\t\t\t                \t\t<a class=\"read-more-btn\" href=\"https:\/\/assoph.org\/assoph\/2020-aujourdhui-le-cavalier-seul-irlandais\/\">Lire la suite<\/a>\n\t\t                <\/div>\n\n            <\/div><!-- .blog-inner -->\n           \n        <\/article>\n\n        \n        <article id=\"post-710\" class=\"wpcap-post post-710 post type-post status-publish format-standard hentry category-non-classe\">\n         \n            <div class=\"post-grid-inner\">\n            \t\n            \t\n                <div class=\"post-grid-text-wrap\">\n               \t\t\t\t<h4 class=\"title\">\n\t\t\t<a href=\"https:\/\/assoph.org\/assoph\/assoph-2013-2019-enquete-en-france-et-proces-en-assises\/\">2013 \u2013 2019 : Enqu\u00eate en France et proc\u00e8s en Assises<\/a>\n\t\t<\/h4>\n\t\t\t                \t                \t\t<div class=\"post-grid-excerpt\">\n\t\t\t<p>Apr\u00e8s la d\u00e9cision n\u00e9gative de la cour supr\u00eame d&rsquo;Irlande, l&rsquo;association reste mobilis\u00e9e. Elle continue et oriente ses actions pour que la justice fran\u00e7aise am\u00e8ne le&hellip;<\/p>\n\t\t<\/div>\n\t\t\t                \t\t<a class=\"read-more-btn\" href=\"https:\/\/assoph.org\/assoph\/assoph-2013-2019-enquete-en-france-et-proces-en-assises\/\">Lire la suite<\/a>\n\t\t                <\/div>\n\n            <\/div><!-- .blog-inner -->\n           \n        <\/article>\n\n        \n\t\t\t<\/div>\n\t\t<\/div>\n\t\t\t\t\t\t<\/div>\n\t\t\t\t<\/div>\n\t\t\t\t\t<\/div>\n\t\t<\/div>\n\t\t\t\t<div class=\"elementor-column elementor-col-33 elementor-top-column elementor-element elementor-element-10b676e\" data-id=\"10b676e\" data-element_type=\"column\" data-e-type=\"column\">\n\t\t\t<div class=\"elementor-widget-wrap elementor-element-populated\">\n\t\t\t\t\t\t<div class=\"elementor-element elementor-element-bd1a6f9 elementor-widget-tablet__width-auto elementor-widget elementor-widget-image\" data-id=\"bd1a6f9\" data-element_type=\"widget\" data-e-type=\"widget\" data-widget_type=\"image.default\">\n\t\t\t\t\t\t\t\t\t\t\t\t\t\t\t<img decoding=\"async\" src=\"https:\/\/assoph.org\/assoph\/wp-content\/uploads\/elementor\/thumbs\/livre-pmmjukir9eq9a7g3t8chh4p100lmf5mrxmmcydtj3q.jpg\" title=\"livre\" alt=\"livre\" loading=\"lazy\" \/>\t\t\t\t\t\t\t\t\t\t\t\t\t\t\t<\/div>\n\t\t\t\t<div class=\"elementor-element elementor-element-e72dd8c elementor-widget__width-inherit e-transform elementor-widget elementor-widget-shortcode\" data-id=\"e72dd8c\" data-element_type=\"widget\" data-e-type=\"widget\" data-settings=\"{&quot;_animation&quot;:&quot;none&quot;,&quot;_transform_translateX_effect&quot;:{&quot;unit&quot;:&quot;px&quot;,&quot;size&quot;:&quot;&quot;,&quot;sizes&quot;:[]},&quot;_transform_translateX_effect_widescreen&quot;:{&quot;unit&quot;:&quot;px&quot;,&quot;size&quot;:&quot;&quot;,&quot;sizes&quot;:[]},&quot;_transform_translateX_effect_tablet&quot;:{&quot;unit&quot;:&quot;px&quot;,&quot;size&quot;:&quot;&quot;,&quot;sizes&quot;:[]},&quot;_transform_translateX_effect_mobile&quot;:{&quot;unit&quot;:&quot;px&quot;,&quot;size&quot;:&quot;&quot;,&quot;sizes&quot;:[]},&quot;_transform_translateY_effect&quot;:{&quot;unit&quot;:&quot;px&quot;,&quot;size&quot;:&quot;&quot;,&quot;sizes&quot;:[]},&quot;_transform_translateY_effect_widescreen&quot;:{&quot;unit&quot;:&quot;px&quot;,&quot;size&quot;:&quot;&quot;,&quot;sizes&quot;:[]},&quot;_transform_translateY_effect_tablet&quot;:{&quot;unit&quot;:&quot;px&quot;,&quot;size&quot;:&quot;&quot;,&quot;sizes&quot;:[]},&quot;_transform_translateY_effect_mobile&quot;:{&quot;unit&quot;:&quot;px&quot;,&quot;size&quot;:&quot;&quot;,&quot;sizes&quot;:[]}}\" data-widget_type=\"shortcode.default\">\n\t\t\t\t\t\t\t<div class=\"elementor-shortcode\"><div style=\"text-align:center\"><a  href=\"https:\/\/www.amazon.fr\/Laffaire-Sophie-Toscan-Plantier-justice\/dp\/231500490X\/ref=sr_1_2?__mk_fr_FR=%C3%85M%C3%85%C5%BD%C3%95%C3%91&keywords=sophie+toscan+du+plantier&qid=1638395780&sr=8-2\">Amazon<\/a>\n<a href=\"https:\/\/play.google.com\/store\/books\/details\/Julien_Cros_Affaire_Sophie_Toscan_Du_Plantier?id=_YO2AgAAQBAJ\">Google<\/a><\/div><\/div>\n\t\t\t\t\t\t<\/div>\n\t\t\t\t<div class=\"elementor-element elementor-element-865052e elementor-widget__width-initial elementor-widget-tablet__width-initial elementor-widget elementor-widget-heading\" data-id=\"865052e\" data-element_type=\"widget\" data-e-type=\"widget\" data-widget_type=\"heading.default\">\n\t\t\t\t\t<h3 class=\"elementor-heading-title elementor-size-default\">Derni\u00e8re minute <p><strong>21 janvier 2024 :<\/strong> L\u2019ASSOPH apprend la mort de Ian Bailey.<br> <a href=\"https:\/\/assoph.org\/assoph\/wp-content\/uploads\/2024\/01\/Bailey_com_press_23_01_24.pdf\">Communiqu\u00e9 de presse<br> du 23 janvier 2024<\/a><\/p><br><\/h3>\t\t\t\t<\/div>\n\t\t\t\t<div class=\"elementor-element elementor-element-3378eed elementor-widget-tablet__width-initial elementor-widget elementor-widget-heading\" data-id=\"3378eed\" data-element_type=\"widget\" data-e-type=\"widget\" data-widget_type=\"heading.default\">\n\t\t\t\t\t<h3 class=\"elementor-heading-title elementor-size-default\"><a href=\"https:\/\/assoph.org\/assoph\/wp-content\/uploads\/2022\/07\/Communique\u0301-de-Presse-31-05-19-F_1.pdf\">Ian Bailey a \u00e9t\u00e9 condamn\u00e9 <\/br>\n\u00e0 25 ans de prison<\/a><\/h3>\t\t\t\t<\/div>\n\t\t\t\t<div class=\"elementor-element elementor-element-7a2ca59 elementor-widget-tablet__width-initial elementor-widget elementor-widget-heading\" data-id=\"7a2ca59\" data-element_type=\"widget\" data-e-type=\"widget\" data-widget_type=\"heading.default\">\n\t\t\t\t\t<h3 class=\"elementor-heading-title elementor-size-default\"><a href=\"https:\/\/assoph.org\/assoph\/?p=619\">15 crimes contre la v\u00e9rit\u00e9<\/a><\/h3>\t\t\t\t<\/div>\n\t\t\t\t\t<\/div>\n\t\t<\/div>\n\t\t\t\t\t<\/div>\n\t\t<\/main>\n\t\t\t\t<\/div>\n\t\t","protected":false},"excerpt":{"rendered":"<p>Mot du Pr\u00e9sident Depuis d\u00e9cembre 1996 la famille de Sophie n&rsquo;a cess\u00e9 de lutter dans la souffrance de la perte. Elle n&rsquo;a cess\u00e9 aussi d&rsquo;esp\u00e9rer en la justice. Mais apr\u00e8s onze ann\u00e9es de demandes r\u00e9p\u00e9t\u00e9es aupr\u00e8s des appareils de justice irlandais et fran\u00e7ais, d&rsquo;attentes, de faux espoirs, la situation avait atteint un seuil insupportable. Il [&hellip;]<\/p>\n","protected":false},"author":1,"featured_media":0,"parent":0,"menu_order":0,"comment_status":"closed","ping_status":"closed","template":"brizy-blank-template.php","meta":{"iawp_total_views":781,"footnotes":""},"class_list":["post-157","page","type-page","status-publish","hentry"],"blocksy_meta":{"styles_descriptor":{"styles":{"desktop":"","tablet":"","mobile":""},"google_fonts":[],"version":6}},"yoast_head":"<!-- This site is optimized with the Yoast SEO plugin v27.4 - https:\/\/yoast.com\/product\/yoast-seo-wordpress\/ -->\n<title>Accueil - ASSOCIATION POUR LA VERITE SUR L&#039;ASSASSINAT DE SOPHIE TOSCAN DU PLANTIER n\u00e9e BOUNIOL<\/title>\n<meta name=\"robots\" content=\"index, follow, max-snippet:-1, max-image-preview:large, max-video-preview:-1\" \/>\n<link rel=\"canonical\" href=\"https:\/\/assoph.org\/assoph\/\" \/>\n<meta property=\"og:locale\" content=\"fr_FR\" \/>\n<meta property=\"og:type\" content=\"article\" \/>\n<meta property=\"og:title\" content=\"Accueil - ASSOCIATION POUR LA VERITE SUR L&#039;ASSASSINAT DE SOPHIE TOSCAN DU PLANTIER n\u00e9e BOUNIOL\" \/>\n<meta property=\"og:description\" content=\"Mot du Pr\u00e9sident Depuis d\u00e9cembre 1996 la famille de Sophie n&rsquo;a cess\u00e9 de lutter dans la souffrance de la perte. Elle n&rsquo;a cess\u00e9 aussi d&rsquo;esp\u00e9rer en la justice. Mais apr\u00e8s onze ann\u00e9es de demandes r\u00e9p\u00e9t\u00e9es aupr\u00e8s des appareils de justice irlandais et fran\u00e7ais, d&rsquo;attentes, de faux espoirs, la situation avait atteint un seuil insupportable. Il [&hellip;]\" \/>\n<meta property=\"og:url\" content=\"https:\/\/assoph.org\/assoph\/\" \/>\n<meta property=\"og:site_name\" content=\"ASSOCIATION POUR LA VERITE SUR L&#039;ASSASSINAT DE SOPHIE TOSCAN DU PLANTIER n\u00e9e BOUNIOL\" \/>\n<meta property=\"article:publisher\" content=\"https:\/\/www.facebook.com\/people\/Assoph\/100064615215201\/\" \/>\n<meta property=\"article:modified_time\" content=\"2024-12-02T11:48:23+00:00\" \/>\n<meta property=\"og:image\" content=\"https:\/\/assoph.org\/assoph\/wp-content\/uploads\/elementor\/thumbs\/livre-pmmjukir9eq9a7g3t8chh4p100lmf5mrxmmcydtj3q.jpg\" \/>\n<meta name=\"twitter:card\" content=\"summary_large_image\" \/>\n<meta name=\"twitter:label1\" content=\"Dur\u00e9e de lecture estim\u00e9e\" \/>\n\t<meta name=\"twitter:data1\" content=\"4 minutes\" \/>\n<script type=\"application\/ld+json\" class=\"yoast-schema-graph\">{\"@context\":\"https:\\\/\\\/schema.org\",\"@graph\":[{\"@type\":\"WebPage\",\"@id\":\"https:\\\/\\\/assoph.org\\\/assoph\\\/\",\"url\":\"https:\\\/\\\/assoph.org\\\/assoph\\\/\",\"name\":\"Accueil - ASSOCIATION POUR LA VERITE SUR L&#039;ASSASSINAT DE SOPHIE TOSCAN DU PLANTIER n\u00e9e BOUNIOL\",\"isPartOf\":{\"@id\":\"https:\\\/\\\/assoph.org\\\/assoph\\\/#website\"},\"primaryImageOfPage\":{\"@id\":\"https:\\\/\\\/assoph.org\\\/assoph\\\/#primaryimage\"},\"image\":{\"@id\":\"https:\\\/\\\/assoph.org\\\/assoph\\\/#primaryimage\"},\"thumbnailUrl\":\"https:\\\/\\\/assoph.org\\\/assoph\\\/wp-content\\\/uploads\\\/elementor\\\/thumbs\\\/livre-pmmjukir9eq9a7g3t8chh4p100lmf5mrxmmcydtj3q.jpg\",\"datePublished\":\"2021-12-01T23:09:23+00:00\",\"dateModified\":\"2024-12-02T11:48:23+00:00\",\"breadcrumb\":{\"@id\":\"https:\\\/\\\/assoph.org\\\/assoph\\\/#breadcrumb\"},\"inLanguage\":\"fr-FR\",\"potentialAction\":[{\"@type\":\"ReadAction\",\"target\":[\"https:\\\/\\\/assoph.org\\\/assoph\\\/\"]}]},{\"@type\":\"ImageObject\",\"inLanguage\":\"fr-FR\",\"@id\":\"https:\\\/\\\/assoph.org\\\/assoph\\\/#primaryimage\",\"url\":\"https:\\\/\\\/assoph.org\\\/assoph\\\/wp-content\\\/uploads\\\/elementor\\\/thumbs\\\/livre-pmmjukir9eq9a7g3t8chh4p100lmf5mrxmmcydtj3q.jpg\",\"contentUrl\":\"https:\\\/\\\/assoph.org\\\/assoph\\\/wp-content\\\/uploads\\\/elementor\\\/thumbs\\\/livre-pmmjukir9eq9a7g3t8chh4p100lmf5mrxmmcydtj3q.jpg\"},{\"@type\":\"BreadcrumbList\",\"@id\":\"https:\\\/\\\/assoph.org\\\/assoph\\\/#breadcrumb\",\"itemListElement\":[{\"@type\":\"ListItem\",\"position\":1,\"name\":\"Accueil\",\"item\":\"https:\\\/\\\/assoph.org\\\/assoph\\\/\"},{\"@type\":\"ListItem\",\"position\":2,\"name\":\"Assoph ASSOCIATION POUR LA VERITE SUR L'ASSASSINAT DE SOPHIE TOSCAN DU PLANTIER n\u00e9e BOUNIOL\"}]},{\"@type\":\"WebSite\",\"@id\":\"https:\\\/\\\/assoph.org\\\/assoph\\\/#website\",\"url\":\"https:\\\/\\\/assoph.org\\\/assoph\\\/\",\"name\":\"ASSOCIATION POUR LA VERITE SUR L&#039;ASSASSINAT DE SOPHIE TOSCAN DU PLANTIER n\u00e9e BOUNIOL\",\"description\":\"ASSOCIATION POUR LA VERITE SUR L&#039;ASSASSINAT DE SOPHIE TOSCAN DU PLANTIER n\u00e9e BOUNIOL\",\"publisher\":{\"@id\":\"https:\\\/\\\/assoph.org\\\/assoph\\\/#organization\"},\"alternateName\":\"ASSOPH\",\"potentialAction\":[{\"@type\":\"SearchAction\",\"target\":{\"@type\":\"EntryPoint\",\"urlTemplate\":\"https:\\\/\\\/assoph.org\\\/assoph\\\/?s={search_term_string}\"},\"query-input\":{\"@type\":\"PropertyValueSpecification\",\"valueRequired\":true,\"valueName\":\"search_term_string\"}}],\"inLanguage\":\"fr-FR\"},{\"@type\":\"Organization\",\"@id\":\"https:\\\/\\\/assoph.org\\\/assoph\\\/#organization\",\"name\":\"ASSOCIATION POUR LA VERITE SUR L'ASSASSINAT DE SOPHIE TOSCAN DU PLANTIER n\u00e9e BOUNIOL\",\"alternateName\":\"Assoph\",\"url\":\"https:\\\/\\\/assoph.org\\\/assoph\\\/\",\"logo\":{\"@type\":\"ImageObject\",\"inLanguage\":\"fr-FR\",\"@id\":\"https:\\\/\\\/assoph.org\\\/assoph\\\/#\\\/schema\\\/logo\\\/image\\\/\",\"url\":\"https:\\\/\\\/assoph.org\\\/assoph\\\/wp-content\\\/uploads\\\/2021\\\/11\\\/logoassophVectorise.jpg\",\"contentUrl\":\"https:\\\/\\\/assoph.org\\\/assoph\\\/wp-content\\\/uploads\\\/2021\\\/11\\\/logoassophVectorise.jpg\",\"width\":417,\"height\":286,\"caption\":\"ASSOCIATION POUR LA VERITE SUR L'ASSASSINAT DE SOPHIE TOSCAN DU PLANTIER n\u00e9e BOUNIOL\"},\"image\":{\"@id\":\"https:\\\/\\\/assoph.org\\\/assoph\\\/#\\\/schema\\\/logo\\\/image\\\/\"},\"sameAs\":[\"https:\\\/\\\/www.facebook.com\\\/people\\\/Assoph\\\/100064615215201\\\/\"]}]}<\/script>\n<!-- \/ Yoast SEO plugin. -->","yoast_head_json":{"title":"Accueil - ASSOCIATION POUR LA VERITE SUR L&#039;ASSASSINAT DE SOPHIE TOSCAN DU PLANTIER n\u00e9e BOUNIOL","robots":{"index":"index","follow":"follow","max-snippet":"max-snippet:-1","max-image-preview":"max-image-preview:large","max-video-preview":"max-video-preview:-1"},"canonical":"https:\/\/assoph.org\/assoph\/","og_locale":"fr_FR","og_type":"article","og_title":"Accueil - ASSOCIATION POUR LA VERITE SUR L&#039;ASSASSINAT DE SOPHIE TOSCAN DU PLANTIER n\u00e9e BOUNIOL","og_description":"Mot du Pr\u00e9sident Depuis d\u00e9cembre 1996 la famille de Sophie n&rsquo;a cess\u00e9 de lutter dans la souffrance de la perte. Elle n&rsquo;a cess\u00e9 aussi d&rsquo;esp\u00e9rer en la justice. Mais apr\u00e8s onze ann\u00e9es de demandes r\u00e9p\u00e9t\u00e9es aupr\u00e8s des appareils de justice irlandais et fran\u00e7ais, d&rsquo;attentes, de faux espoirs, la situation avait atteint un seuil insupportable. Il [&hellip;]","og_url":"https:\/\/assoph.org\/assoph\/","og_site_name":"ASSOCIATION POUR LA VERITE SUR L&#039;ASSASSINAT DE SOPHIE TOSCAN DU PLANTIER n\u00e9e BOUNIOL","article_publisher":"https:\/\/www.facebook.com\/people\/Assoph\/100064615215201\/","article_modified_time":"2024-12-02T11:48:23+00:00","og_image":[{"url":"https:\/\/assoph.org\/assoph\/wp-content\/uploads\/elementor\/thumbs\/livre-pmmjukir9eq9a7g3t8chh4p100lmf5mrxmmcydtj3q.jpg","type":"","width":"","height":""}],"twitter_card":"summary_large_image","twitter_misc":{"Dur\u00e9e de lecture estim\u00e9e":"4 minutes"},"schema":{"@context":"https:\/\/schema.org","@graph":[{"@type":"WebPage","@id":"https:\/\/assoph.org\/assoph\/","url":"https:\/\/assoph.org\/assoph\/","name":"Accueil - ASSOCIATION POUR LA VERITE SUR L&#039;ASSASSINAT DE SOPHIE TOSCAN DU PLANTIER n\u00e9e BOUNIOL","isPartOf":{"@id":"https:\/\/assoph.org\/assoph\/#website"},"primaryImageOfPage":{"@id":"https:\/\/assoph.org\/assoph\/#primaryimage"},"image":{"@id":"https:\/\/assoph.org\/assoph\/#primaryimage"},"thumbnailUrl":"https:\/\/assoph.org\/assoph\/wp-content\/uploads\/elementor\/thumbs\/livre-pmmjukir9eq9a7g3t8chh4p100lmf5mrxmmcydtj3q.jpg","datePublished":"2021-12-01T23:09:23+00:00","dateModified":"2024-12-02T11:48:23+00:00","breadcrumb":{"@id":"https:\/\/assoph.org\/assoph\/#breadcrumb"},"inLanguage":"fr-FR","potentialAction":[{"@type":"ReadAction","target":["https:\/\/assoph.org\/assoph\/"]}]},{"@type":"ImageObject","inLanguage":"fr-FR","@id":"https:\/\/assoph.org\/assoph\/#primaryimage","url":"https:\/\/assoph.org\/assoph\/wp-content\/uploads\/elementor\/thumbs\/livre-pmmjukir9eq9a7g3t8chh4p100lmf5mrxmmcydtj3q.jpg","contentUrl":"https:\/\/assoph.org\/assoph\/wp-content\/uploads\/elementor\/thumbs\/livre-pmmjukir9eq9a7g3t8chh4p100lmf5mrxmmcydtj3q.jpg"},{"@type":"BreadcrumbList","@id":"https:\/\/assoph.org\/assoph\/#breadcrumb","itemListElement":[{"@type":"ListItem","position":1,"name":"Accueil","item":"https:\/\/assoph.org\/assoph\/"},{"@type":"ListItem","position":2,"name":"Assoph ASSOCIATION POUR LA VERITE SUR L'ASSASSINAT DE SOPHIE TOSCAN DU PLANTIER n\u00e9e BOUNIOL"}]},{"@type":"WebSite","@id":"https:\/\/assoph.org\/assoph\/#website","url":"https:\/\/assoph.org\/assoph\/","name":"ASSOCIATION POUR LA VERITE SUR L&#039;ASSASSINAT DE SOPHIE TOSCAN DU PLANTIER n\u00e9e BOUNIOL","description":"ASSOCIATION POUR LA VERITE SUR L&#039;ASSASSINAT DE SOPHIE TOSCAN DU PLANTIER n\u00e9e BOUNIOL","publisher":{"@id":"https:\/\/assoph.org\/assoph\/#organization"},"alternateName":"ASSOPH","potentialAction":[{"@type":"SearchAction","target":{"@type":"EntryPoint","urlTemplate":"https:\/\/assoph.org\/assoph\/?s={search_term_string}"},"query-input":{"@type":"PropertyValueSpecification","valueRequired":true,"valueName":"search_term_string"}}],"inLanguage":"fr-FR"},{"@type":"Organization","@id":"https:\/\/assoph.org\/assoph\/#organization","name":"ASSOCIATION POUR LA VERITE SUR L'ASSASSINAT DE SOPHIE TOSCAN DU PLANTIER n\u00e9e BOUNIOL","alternateName":"Assoph","url":"https:\/\/assoph.org\/assoph\/","logo":{"@type":"ImageObject","inLanguage":"fr-FR","@id":"https:\/\/assoph.org\/assoph\/#\/schema\/logo\/image\/","url":"https:\/\/assoph.org\/assoph\/wp-content\/uploads\/2021\/11\/logoassophVectorise.jpg","contentUrl":"https:\/\/assoph.org\/assoph\/wp-content\/uploads\/2021\/11\/logoassophVectorise.jpg","width":417,"height":286,"caption":"ASSOCIATION POUR LA VERITE SUR L'ASSASSINAT DE SOPHIE TOSCAN DU PLANTIER n\u00e9e BOUNIOL"},"image":{"@id":"https:\/\/assoph.org\/assoph\/#\/schema\/logo\/image\/"},"sameAs":["https:\/\/www.facebook.com\/people\/Assoph\/100064615215201\/"]}]}},"brizy_media":[{"id":166,"url":"https:\/\/assoph.org\/assoph\/wp-content\/uploads\/2021\/12\/livre.jpg","name":"livre.jpg","meta":{"brizy_attachment_uid":"wp-89664b807565f84f0222b37e0b0126f6.jpg","brizy_post_uid":["1aceea9ad51edfb21a4cf6b2097be7d9"]}}],"_links":{"self":[{"href":"https:\/\/assoph.org\/assoph\/wp-json\/wp\/v2\/pages\/157","targetHints":{"allow":["GET"]}}],"collection":[{"href":"https:\/\/assoph.org\/assoph\/wp-json\/wp\/v2\/pages"}],"about":[{"href":"https:\/\/assoph.org\/assoph\/wp-json\/wp\/v2\/types\/page"}],"author":[{"embeddable":true,"href":"https:\/\/assoph.org\/assoph\/wp-json\/wp\/v2\/users\/1"}],"replies":[{"embeddable":true,"href":"https:\/\/assoph.org\/assoph\/wp-json\/wp\/v2\/comments?post=157"}],"version-history":[{"count":149,"href":"https:\/\/assoph.org\/assoph\/wp-json\/wp\/v2\/pages\/157\/revisions"}],"predecessor-version":[{"id":1163,"href":"https:\/\/assoph.org\/assoph\/wp-json\/wp\/v2\/pages\/157\/revisions\/1163"}],"wp:attachment":[{"href":"https:\/\/assoph.org\/assoph\/wp-json\/wp\/v2\/media?parent=157"}],"curies":[{"name":"wp","href":"https:\/\/api.w.org\/{rel}","templated":true}]}}