{"id":157,"date":"2021-12-02T00:09:23","date_gmt":"2021-12-01T23:09:23","guid":{"rendered":"http:\/\/www.assoph.org\/assoph.org\/?page_id=157"},"modified":"2024-12-02T12:48:23","modified_gmt":"2024-12-02T11:48:23","slug":"accueil","status":"publish","type":"page","link":"https:\/\/assoph.org\/assoph\/en\/","title":{"rendered":"Home"},"content":{"rendered":"<div data-elementor-type=\"wp-page\" data-elementor-id=\"157\" class=\"elementor elementor-157\">\n\t\t\t\t\t\t<main class=\"elementor-section elementor-top-section elementor-element elementor-element-67064f57 ct-section-stretched elementor-section-full_width elementor-section-height-default elementor-section-height-default\" data-id=\"67064f57\" data-element_type=\"section\" data-e-type=\"section\" data-settings=\"{&quot;background_background&quot;:&quot;classic&quot;}\">\n\t\t\t\t\t\t<div class=\"elementor-container elementor-column-gap-default\">\n\t\t\t\t\t<div class=\"elementor-column elementor-col-33 elementor-top-column elementor-element elementor-element-3b047762\" data-id=\"3b047762\" data-element_type=\"column\" data-e-type=\"column\">\n\t\t\t<div class=\"elementor-widget-wrap elementor-element-populated\">\n\t\t\t\t\t\t<div class=\"elementor-element elementor-element-35a50a61 elementor-widget-tablet__width-auto elementor-widget elementor-widget-text-editor\" data-id=\"35a50a61\" data-element_type=\"widget\" data-e-type=\"widget\" data-widget_type=\"text-editor.default\">\n\t\t\t\t\t\t\t\t\t<h4><strong>PRESIDENT'S ADDRESS<\/strong><\/h4><div class=\"style_SkipStroke_4 shape-with-text flowDefining\"><div class=\"text-content style_External_456_589\"><div class=\"style_1\"><p class=\"paragraph_style_1\">Since December 1996, the family of Sophie has continued to struggle in the pain of loss. Nonetheless the family has never ceased to hope for justice.<\/p><p class=\"paragraph_style_1\">But after eleven years of repeated requests from the Irish and French Justice authorities, expectations, false hopes, the situation reached an unbearable level.<\/p><p class=\"paragraph_style_1\">It was urgent to boost this fight for truth and justice in the sharing by those that injustice revolt, whether or not they have known Sophie. That is the raison d'\u00eatre of our Association created on 29 December, 2007.<\/p><p class=\"paragraph_style_1\">After almost fifteen years of existence of our group, all of us, through our membership or many other kind of support, we have brought certainty to the son of Sophie, her parents, her brothers, that they no longer feel isolated to face premature and empty announcements, false certainties and various hindrances.<\/p><p class=\"paragraph_style_1\">The questions that our Association and the family of Sophie have raised will soon find answers favourable to the realisation of ours goals, thanks to the strength of the collective actions already undertaken, as well as those envisaged in the future.<\/p><h5 class=\"paragraph_style_2\"><span class=\"style_2\">ASSOCIATION FOR THE TRUTH ABOUT THE MURDER OF SOPHIE TOSCAN DU PLANTIER<\/span><\/h5><\/div><\/div><\/div>\t\t\t\t\t\t\t\t<\/div>\n\t\t\t\t\t<\/div>\n\t\t<\/div>\n\t\t\t\t<div class=\"elementor-column elementor-col-33 elementor-top-column elementor-element elementor-element-39a7901\" data-id=\"39a7901\" data-element_type=\"column\" data-e-type=\"column\">\n\t\t\t<div class=\"elementor-widget-wrap elementor-element-populated\">\n\t\t\t\t\t\t<div class=\"elementor-element elementor-element-592ceca elementor-grid-2 elementor-grid-tablet-1 elementor-widget-tablet__width-inherit elementor-grid-mobile-1 elementor-widget elementor-widget-elementor-blog-posts\" data-id=\"592ceca\" data-element_type=\"widget\" data-e-type=\"widget\" data-settings=\"{&quot;columns&quot;:&quot;2&quot;,&quot;columns_tablet&quot;:&quot;1&quot;,&quot;columns_mobile&quot;:&quot;1&quot;}\" data-widget_type=\"elementor-blog-posts.default\">\n\t\t\t\t<div class=\"elementor-widget-container\">\n\t\t\t\t\t\t\t<div class=\"wpcap-grid\">\n\t\t\t\t\t\t<div class=\"wpcap-grid-container elementor-grid wpcap-grid-desktop-2 wpcap-grid-tablet-1 wpcap-grid-mobile-1\">\n\n\t\t\t\t\n        <article id=\"post-1070\" class=\"wpcap-post post-1070 post type-post status-publish format-standard hentry category-non-classe\">\n         \n            <div class=\"post-grid-inner\">\n            \t\n            \t\n                <div class=\"post-grid-text-wrap\">\n               \t\t\t\t<h4 class=\"title\">\n\t\t\t<a href=\"https:\/\/assoph.org\/assoph\/en\/articles-de-presse-autour-de-la-mort-de-ian-bailey\/\">Newspaper articles about the death of Ian Bailey.<\/a>\n\t\t<\/h4>\n\t\t\t                \t                \t\t<div class=\"post-grid-excerpt\">\n\t\t\t<p>The following press articles represent only their authors' views; they do not always reflect the judicial truth established on May 31, 2019, by the Court...<\/p>\n\t\t<\/div>\n\t\t\t                \t\t<a class=\"read-more-btn\" href=\"https:\/\/assoph.org\/assoph\/en\/articles-de-presse-autour-de-la-mort-de-ian-bailey\/\">Lire la suite<\/a>\n\t\t                <\/div>\n\n            <\/div><!-- .blog-inner -->\n           \n        <\/article>\n\n        \n        <article id=\"post-619\" class=\"wpcap-post post-619 post type-post status-publish format-standard hentry category-laffaire\">\n         \n            <div class=\"post-grid-inner\">\n            \t\n            \t\n                <div class=\"post-grid-text-wrap\">\n               \t\t\t\t<h4 class=\"title\">\n\t\t\t<a href=\"https:\/\/assoph.org\/assoph\/en\/15-crimes-contre-la-verite\/\">15 offences against the truth<\/a>\n\t\t<\/h4>\n\t\t\t                \t                \t\t<div class=\"post-grid-excerpt\">\n\t\t\t<p>ASophie Toscan du Plantier\u2019s case: 15 offences against the truth.\nSophie's death on December 23, 1996 is the result of a felony.\nThe treatment of the case was marred by a shockingly long list of offences against the truth. Here we\u2019ve identified 15 of them.<\/p>\n\t\t<\/div>\n\t\t\t                \t\t<a class=\"read-more-btn\" href=\"https:\/\/assoph.org\/assoph\/en\/15-crimes-contre-la-verite\/\">Lire la suite<\/a>\n\t\t                <\/div>\n\n            <\/div><!-- .blog-inner -->\n           \n        <\/article>\n\n        \n        <article id=\"post-793\" class=\"wpcap-post post-793 post type-post status-publish format-standard hentry category-non-classe\">\n         \n            <div class=\"post-grid-inner\">\n            \t\n            \t\n                <div class=\"post-grid-text-wrap\">\n               \t\t\t\t<h4 class=\"title\">\n\t\t\t<a href=\"https:\/\/assoph.org\/assoph\/en\/2020-aujourdhui-le-cavalier-seul-irlandais\/\">2020 - today: The Irish \u00ab cavalier seul \u00bb<\/a>\n\t\t<\/h4>\n\t\t\t                \t                \t\t<div class=\"post-grid-excerpt\">\n\t\t\t<p>Despite Ian Bailey's conviction by the French courts, Ireland refuses to execute the European Arrest Warrant (EAW) issued against him and is relaunching investigations under the gaze of the French and European authorities.<\/p>\n\t\t<\/div>\n\t\t\t                \t\t<a class=\"read-more-btn\" href=\"https:\/\/assoph.org\/assoph\/en\/2020-aujourdhui-le-cavalier-seul-irlandais\/\">Lire la suite<\/a>\n\t\t                <\/div>\n\n            <\/div><!-- .blog-inner -->\n           \n        <\/article>\n\n        \n        <article id=\"post-710\" class=\"wpcap-post post-710 post type-post status-publish format-standard hentry category-non-classe\">\n         \n            <div class=\"post-grid-inner\">\n            \t\n            \t\n                <div class=\"post-grid-text-wrap\">\n               \t\t\t\t<h4 class=\"title\">\n\t\t\t<a href=\"https:\/\/assoph.org\/assoph\/en\/assoph-2013-2019-enquete-en-france-et-proces-en-assises\/\">2013 \u2013 2019: Investigation in France and Assizes Paris trial<\/a>\n\t\t<\/h4>\n\t\t\t                \t                \t\t<div class=\"post-grid-excerpt\">\n\t\t\t<p>After the negative decision of the Supreme Court of Ireland, the association remains mobilized. It continues and directs its actions so that French justice brings the main suspect Ian Bailey to the Assizes.<\/p>\n\t\t<\/div>\n\t\t\t                \t\t<a class=\"read-more-btn\" href=\"https:\/\/assoph.org\/assoph\/en\/assoph-2013-2019-enquete-en-france-et-proces-en-assises\/\">Lire la suite<\/a>\n\t\t                <\/div>\n\n            <\/div><!-- .blog-inner -->\n           \n        <\/article>\n\n        \n\t\t\t<\/div>\n\t\t<\/div>\n\t\t\t\t\t\t<\/div>\n\t\t\t\t<\/div>\n\t\t\t\t\t<\/div>\n\t\t<\/div>\n\t\t\t\t<div class=\"elementor-column elementor-col-33 elementor-top-column elementor-element elementor-element-10b676e\" data-id=\"10b676e\" data-element_type=\"column\" data-e-type=\"column\">\n\t\t\t<div class=\"elementor-widget-wrap elementor-element-populated\">\n\t\t\t\t\t\t<div class=\"elementor-element elementor-element-bd1a6f9 elementor-widget-tablet__width-auto elementor-widget elementor-widget-image\" data-id=\"bd1a6f9\" data-element_type=\"widget\" data-e-type=\"widget\" data-widget_type=\"image.default\">\n\t\t\t\t\t\t\t\t\t\t\t\t\t\t\t<img decoding=\"async\" src=\"https:\/\/assoph.org\/assoph\/wp-content\/uploads\/elementor\/thumbs\/livre-pmmjukir9eq9a7g3t8chh4p100lmf5mrxmmcydtj3q.jpg\" title=\"livre\" alt=\"livre\" loading=\"lazy\" \/>\t\t\t\t\t\t\t\t\t\t\t\t\t\t\t<\/div>\n\t\t\t\t<div class=\"elementor-element elementor-element-e72dd8c elementor-widget__width-inherit e-transform elementor-widget elementor-widget-shortcode\" data-id=\"e72dd8c\" data-element_type=\"widget\" data-e-type=\"widget\" data-settings=\"{&quot;_animation&quot;:&quot;none&quot;,&quot;_transform_translateX_effect&quot;:{&quot;unit&quot;:&quot;px&quot;,&quot;size&quot;:&quot;&quot;,&quot;sizes&quot;:[]},&quot;_transform_translateX_effect_widescreen&quot;:{&quot;unit&quot;:&quot;px&quot;,&quot;size&quot;:&quot;&quot;,&quot;sizes&quot;:[]},&quot;_transform_translateX_effect_tablet&quot;:{&quot;unit&quot;:&quot;px&quot;,&quot;size&quot;:&quot;&quot;,&quot;sizes&quot;:[]},&quot;_transform_translateX_effect_mobile&quot;:{&quot;unit&quot;:&quot;px&quot;,&quot;size&quot;:&quot;&quot;,&quot;sizes&quot;:[]},&quot;_transform_translateY_effect&quot;:{&quot;unit&quot;:&quot;px&quot;,&quot;size&quot;:&quot;&quot;,&quot;sizes&quot;:[]},&quot;_transform_translateY_effect_widescreen&quot;:{&quot;unit&quot;:&quot;px&quot;,&quot;size&quot;:&quot;&quot;,&quot;sizes&quot;:[]},&quot;_transform_translateY_effect_tablet&quot;:{&quot;unit&quot;:&quot;px&quot;,&quot;size&quot;:&quot;&quot;,&quot;sizes&quot;:[]},&quot;_transform_translateY_effect_mobile&quot;:{&quot;unit&quot;:&quot;px&quot;,&quot;size&quot;:&quot;&quot;,&quot;sizes&quot;:[]}}\" data-widget_type=\"shortcode.default\">\n\t\t\t\t\t\t\t<div class=\"elementor-shortcode\"><div style=\"text-align:center\"><a  href=\"https:\/\/www.amazon.fr\/Laffaire-Sophie-Toscan-Plantier-justice\/dp\/231500490X\/ref=sr_1_2?__mk_fr_FR=%C3%85M%C3%85%C5%BD%C3%95%C3%91&keywords=sophie+toscan+du+plantier&qid=1638395780&sr=8-2\">Amazon<\/a>\n<a href=\"https:\/\/play.google.com\/store\/books\/details\/Julien_Cros_Affaire_Sophie_Toscan_Du_Plantier?id=_YO2AgAAQBAJ\">Google<\/a><\/div><\/div>\n\t\t\t\t\t\t<\/div>\n\t\t\t\t<div class=\"elementor-element elementor-element-865052e elementor-widget__width-initial elementor-widget-tablet__width-initial elementor-widget elementor-widget-heading\" data-id=\"865052e\" data-element_type=\"widget\" data-e-type=\"widget\" data-widget_type=\"heading.default\">\n\t\t\t\t\t<h3 class=\"elementor-heading-title elementor-size-default\">Breaking News <p><strong>21 janvier 2024 :<\/strong> THE ASSOPH learns of the death of Ian Bailey<br> <a href=\"https:\/\/assoph.org\/assoph\/wp-content\/uploads\/2024\/01\/Bailey_com_press_23_01_24.pdf\"><a href=\"https:\/\/assoph.org\/assoph\/wp-content\/uploads\/2024\/01\/Pressrelease_Bailey_22-01-2024-.pdf\">Press Release<\/a><br> <a href=\"https:\/\/assoph.org\/assoph\/wp-content\/uploads\/2024\/01\/Bailey_com_press_23_01_24.pdf\">of january 23 2024<\/a><\/a><\/p><br><\/h3>\t\t\t\t<\/div>\n\t\t\t\t<div class=\"elementor-element elementor-element-3378eed elementor-widget-tablet__width-initial elementor-widget elementor-widget-heading\" data-id=\"3378eed\" data-element_type=\"widget\" data-e-type=\"widget\" data-widget_type=\"heading.default\">\n\t\t\t\t\t<h3 class=\"elementor-heading-title elementor-size-default\"><a href=\"https:\/\/assoph.org\/assoph\/wp-content\/uploads\/2022\/07\/Communique\u0301-de-Presse-31-05-19-F_1.pdf\">Ian Bailey has been sentenced <\/br>\nto 25 years in prison.<\/a><\/h3>\t\t\t\t<\/div>\n\t\t\t\t<div class=\"elementor-element elementor-element-7a2ca59 elementor-widget-tablet__width-initial elementor-widget elementor-widget-heading\" data-id=\"7a2ca59\" data-element_type=\"widget\" data-e-type=\"widget\" data-widget_type=\"heading.default\">\n\t\t\t\t\t<h3 class=\"elementor-heading-title elementor-size-default\"><a href=\"https:\/\/assoph.org\/assoph\/en\/?p=619\">15 offences against the truth<\/a><\/h3>\t\t\t\t<\/div>\n\t\t\t\t\t<\/div>\n\t\t<\/div>\n\t\t\t\t\t<\/div>\n\t\t<\/main>\n\t\t\t\t<\/div>","protected":false},"excerpt":{"rendered":"<p>Mot du Pr\u00e9sident Depuis d\u00e9cembre 1996 la famille de Sophie n&rsquo;a cess\u00e9 de lutter dans la souffrance de la perte. Elle n&rsquo;a cess\u00e9 aussi d&rsquo;esp\u00e9rer en la justice. Mais apr\u00e8s onze ann\u00e9es de demandes r\u00e9p\u00e9t\u00e9es aupr\u00e8s des appareils de justice irlandais et fran\u00e7ais, d&rsquo;attentes, de faux espoirs, la situation avait atteint un seuil insupportable. Il [&hellip;]<\/p>\n","protected":false},"author":1,"featured_media":0,"parent":0,"menu_order":0,"comment_status":"closed","ping_status":"closed","template":"brizy-blank-template.php","meta":{"iawp_total_views":781,"footnotes":""},"class_list":["post-157","page","type-page","status-publish","hentry"],"blocksy_meta":{"styles_descriptor":{"styles":{"desktop":"","tablet":"","mobile":""},"google_fonts":[],"version":6}},"yoast_head":"<!-- This site is optimized with the Yoast SEO plugin v27.4 - https:\/\/yoast.com\/product\/yoast-seo-wordpress\/ -->\n<title>Accueil - ASSOCIATION POUR LA VERITE SUR L&#039;ASSASSINAT DE SOPHIE TOSCAN DU PLANTIER n\u00e9e BOUNIOL<\/title>\n<meta name=\"robots\" content=\"index, follow, max-snippet:-1, max-image-preview:large, max-video-preview:-1\" \/>\n<link rel=\"canonical\" href=\"https:\/\/assoph.org\/assoph\/en\/\" \/>\n<meta property=\"og:locale\" content=\"en_GB\" \/>\n<meta property=\"og:type\" content=\"article\" \/>\n<meta property=\"og:title\" content=\"Accueil - ASSOCIATION POUR LA VERITE SUR L&#039;ASSASSINAT DE SOPHIE TOSCAN DU PLANTIER n\u00e9e BOUNIOL\" \/>\n<meta property=\"og:description\" content=\"Mot du Pr\u00e9sident Depuis d\u00e9cembre 1996 la famille de Sophie n&rsquo;a cess\u00e9 de lutter dans la souffrance de la perte. Elle n&rsquo;a cess\u00e9 aussi d&rsquo;esp\u00e9rer en la justice. Mais apr\u00e8s onze ann\u00e9es de demandes r\u00e9p\u00e9t\u00e9es aupr\u00e8s des appareils de justice irlandais et fran\u00e7ais, d&rsquo;attentes, de faux espoirs, la situation avait atteint un seuil insupportable. Il [&hellip;]\" \/>\n<meta property=\"og:url\" content=\"https:\/\/assoph.org\/assoph\/en\/\" \/>\n<meta property=\"og:site_name\" content=\"ASSOCIATION POUR LA VERITE SUR L&#039;ASSASSINAT DE SOPHIE TOSCAN DU PLANTIER n\u00e9e BOUNIOL\" \/>\n<meta property=\"article:publisher\" content=\"https:\/\/www.facebook.com\/people\/Assoph\/100064615215201\/\" \/>\n<meta property=\"article:modified_time\" content=\"2024-12-02T11:48:23+00:00\" \/>\n<meta property=\"og:image\" content=\"https:\/\/assoph.org\/assoph\/wp-content\/uploads\/elementor\/thumbs\/livre-pmmjukir9eq9a7g3t8chh4p100lmf5mrxmmcydtj3q.jpg\" \/>\n<meta name=\"twitter:card\" content=\"summary_large_image\" \/>\n<meta name=\"twitter:label1\" content=\"Estimated reading time\" \/>\n\t<meta name=\"twitter:data1\" content=\"4 minutes\" \/>\n<script type=\"application\/ld+json\" class=\"yoast-schema-graph\">{\"@context\":\"https:\\\/\\\/schema.org\",\"@graph\":[{\"@type\":\"WebPage\",\"@id\":\"https:\\\/\\\/assoph.org\\\/assoph\\\/\",\"url\":\"https:\\\/\\\/assoph.org\\\/assoph\\\/\",\"name\":\"Accueil - ASSOCIATION POUR LA VERITE SUR L&#039;ASSASSINAT DE SOPHIE TOSCAN DU PLANTIER n\u00e9e BOUNIOL\",\"isPartOf\":{\"@id\":\"https:\\\/\\\/assoph.org\\\/assoph\\\/#website\"},\"primaryImageOfPage\":{\"@id\":\"https:\\\/\\\/assoph.org\\\/assoph\\\/#primaryimage\"},\"image\":{\"@id\":\"https:\\\/\\\/assoph.org\\\/assoph\\\/#primaryimage\"},\"thumbnailUrl\":\"https:\\\/\\\/assoph.org\\\/assoph\\\/wp-content\\\/uploads\\\/elementor\\\/thumbs\\\/livre-pmmjukir9eq9a7g3t8chh4p100lmf5mrxmmcydtj3q.jpg\",\"datePublished\":\"2021-12-01T23:09:23+00:00\",\"dateModified\":\"2024-12-02T11:48:23+00:00\",\"breadcrumb\":{\"@id\":\"https:\\\/\\\/assoph.org\\\/assoph\\\/#breadcrumb\"},\"inLanguage\":\"en-GB\",\"potentialAction\":[{\"@type\":\"ReadAction\",\"target\":[\"https:\\\/\\\/assoph.org\\\/assoph\\\/\"]}]},{\"@type\":\"ImageObject\",\"inLanguage\":\"en-GB\",\"@id\":\"https:\\\/\\\/assoph.org\\\/assoph\\\/#primaryimage\",\"url\":\"https:\\\/\\\/assoph.org\\\/assoph\\\/wp-content\\\/uploads\\\/elementor\\\/thumbs\\\/livre-pmmjukir9eq9a7g3t8chh4p100lmf5mrxmmcydtj3q.jpg\",\"contentUrl\":\"https:\\\/\\\/assoph.org\\\/assoph\\\/wp-content\\\/uploads\\\/elementor\\\/thumbs\\\/livre-pmmjukir9eq9a7g3t8chh4p100lmf5mrxmmcydtj3q.jpg\"},{\"@type\":\"BreadcrumbList\",\"@id\":\"https:\\\/\\\/assoph.org\\\/assoph\\\/#breadcrumb\",\"itemListElement\":[{\"@type\":\"ListItem\",\"position\":1,\"name\":\"Accueil\",\"item\":\"https:\\\/\\\/assoph.org\\\/assoph\\\/\"},{\"@type\":\"ListItem\",\"position\":2,\"name\":\"Assoph ASSOCIATION POUR LA VERITE SUR L'ASSASSINAT DE SOPHIE TOSCAN DU PLANTIER n\u00e9e BOUNIOL\"}]},{\"@type\":\"WebSite\",\"@id\":\"https:\\\/\\\/assoph.org\\\/assoph\\\/#website\",\"url\":\"https:\\\/\\\/assoph.org\\\/assoph\\\/\",\"name\":\"ASSOCIATION POUR LA VERITE SUR L&#039;ASSASSINAT DE SOPHIE TOSCAN DU PLANTIER n\u00e9e BOUNIOL\",\"description\":\"ASSOCIATION POUR LA VERITE SUR L&#039;ASSASSINAT DE SOPHIE TOSCAN DU PLANTIER n\u00e9e BOUNIOL\",\"publisher\":{\"@id\":\"https:\\\/\\\/assoph.org\\\/assoph\\\/#organization\"},\"alternateName\":\"ASSOPH\",\"potentialAction\":[{\"@type\":\"SearchAction\",\"target\":{\"@type\":\"EntryPoint\",\"urlTemplate\":\"https:\\\/\\\/assoph.org\\\/assoph\\\/?s={search_term_string}\"},\"query-input\":{\"@type\":\"PropertyValueSpecification\",\"valueRequired\":true,\"valueName\":\"search_term_string\"}}],\"inLanguage\":\"en-GB\"},{\"@type\":\"Organization\",\"@id\":\"https:\\\/\\\/assoph.org\\\/assoph\\\/#organization\",\"name\":\"ASSOCIATION POUR LA VERITE SUR L'ASSASSINAT DE SOPHIE TOSCAN DU PLANTIER n\u00e9e BOUNIOL\",\"alternateName\":\"Assoph\",\"url\":\"https:\\\/\\\/assoph.org\\\/assoph\\\/\",\"logo\":{\"@type\":\"ImageObject\",\"inLanguage\":\"en-GB\",\"@id\":\"https:\\\/\\\/assoph.org\\\/assoph\\\/#\\\/schema\\\/logo\\\/image\\\/\",\"url\":\"https:\\\/\\\/assoph.org\\\/assoph\\\/wp-content\\\/uploads\\\/2021\\\/11\\\/logoassophVectorise.jpg\",\"contentUrl\":\"https:\\\/\\\/assoph.org\\\/assoph\\\/wp-content\\\/uploads\\\/2021\\\/11\\\/logoassophVectorise.jpg\",\"width\":417,\"height\":286,\"caption\":\"ASSOCIATION POUR LA VERITE SUR L'ASSASSINAT DE SOPHIE TOSCAN DU PLANTIER n\u00e9e BOUNIOL\"},\"image\":{\"@id\":\"https:\\\/\\\/assoph.org\\\/assoph\\\/#\\\/schema\\\/logo\\\/image\\\/\"},\"sameAs\":[\"https:\\\/\\\/www.facebook.com\\\/people\\\/Assoph\\\/100064615215201\\\/\"]}]}<\/script>\n<!-- \/ Yoast SEO plugin. -->","yoast_head_json":{"title":"Accueil - ASSOCIATION POUR LA VERITE SUR L&#039;ASSASSINAT DE SOPHIE TOSCAN DU PLANTIER n\u00e9e BOUNIOL","robots":{"index":"index","follow":"follow","max-snippet":"max-snippet:-1","max-image-preview":"max-image-preview:large","max-video-preview":"max-video-preview:-1"},"canonical":"https:\/\/assoph.org\/assoph\/en\/","og_locale":"en_GB","og_type":"article","og_title":"Accueil - ASSOCIATION POUR LA VERITE SUR L&#039;ASSASSINAT DE SOPHIE TOSCAN DU PLANTIER n\u00e9e BOUNIOL","og_description":"Mot du Pr\u00e9sident Depuis d\u00e9cembre 1996 la famille de Sophie n&rsquo;a cess\u00e9 de lutter dans la souffrance de la perte. Elle n&rsquo;a cess\u00e9 aussi d&rsquo;esp\u00e9rer en la justice. Mais apr\u00e8s onze ann\u00e9es de demandes r\u00e9p\u00e9t\u00e9es aupr\u00e8s des appareils de justice irlandais et fran\u00e7ais, d&rsquo;attentes, de faux espoirs, la situation avait atteint un seuil insupportable. Il [&hellip;]","og_url":"https:\/\/assoph.org\/assoph\/en\/","og_site_name":"ASSOCIATION POUR LA VERITE SUR L&#039;ASSASSINAT DE SOPHIE TOSCAN DU PLANTIER n\u00e9e BOUNIOL","article_publisher":"https:\/\/www.facebook.com\/people\/Assoph\/100064615215201\/","article_modified_time":"2024-12-02T11:48:23+00:00","og_image":[{"url":"https:\/\/assoph.org\/assoph\/wp-content\/uploads\/elementor\/thumbs\/livre-pmmjukir9eq9a7g3t8chh4p100lmf5mrxmmcydtj3q.jpg","type":"","width":"","height":""}],"twitter_card":"summary_large_image","twitter_misc":{"Estimated reading time":"4 minutes"},"schema":{"@context":"https:\/\/schema.org","@graph":[{"@type":"WebPage","@id":"https:\/\/assoph.org\/assoph\/","url":"https:\/\/assoph.org\/assoph\/","name":"Accueil - ASSOCIATION POUR LA VERITE SUR L&#039;ASSASSINAT DE SOPHIE TOSCAN DU PLANTIER n\u00e9e BOUNIOL","isPartOf":{"@id":"https:\/\/assoph.org\/assoph\/#website"},"primaryImageOfPage":{"@id":"https:\/\/assoph.org\/assoph\/#primaryimage"},"image":{"@id":"https:\/\/assoph.org\/assoph\/#primaryimage"},"thumbnailUrl":"https:\/\/assoph.org\/assoph\/wp-content\/uploads\/elementor\/thumbs\/livre-pmmjukir9eq9a7g3t8chh4p100lmf5mrxmmcydtj3q.jpg","datePublished":"2021-12-01T23:09:23+00:00","dateModified":"2024-12-02T11:48:23+00:00","breadcrumb":{"@id":"https:\/\/assoph.org\/assoph\/#breadcrumb"},"inLanguage":"en-GB","potentialAction":[{"@type":"ReadAction","target":["https:\/\/assoph.org\/assoph\/"]}]},{"@type":"ImageObject","inLanguage":"en-GB","@id":"https:\/\/assoph.org\/assoph\/#primaryimage","url":"https:\/\/assoph.org\/assoph\/wp-content\/uploads\/elementor\/thumbs\/livre-pmmjukir9eq9a7g3t8chh4p100lmf5mrxmmcydtj3q.jpg","contentUrl":"https:\/\/assoph.org\/assoph\/wp-content\/uploads\/elementor\/thumbs\/livre-pmmjukir9eq9a7g3t8chh4p100lmf5mrxmmcydtj3q.jpg"},{"@type":"BreadcrumbList","@id":"https:\/\/assoph.org\/assoph\/#breadcrumb","itemListElement":[{"@type":"ListItem","position":1,"name":"Accueil","item":"https:\/\/assoph.org\/assoph\/"},{"@type":"ListItem","position":2,"name":"Assoph ASSOCIATION POUR LA VERITE SUR L'ASSASSINAT DE SOPHIE TOSCAN DU PLANTIER n\u00e9e BOUNIOL"}]},{"@type":"WebSite","@id":"https:\/\/assoph.org\/assoph\/#website","url":"https:\/\/assoph.org\/assoph\/","name":"ASSOCIATION POUR LA VERITE SUR L&#039;ASSASSINAT DE SOPHIE TOSCAN DU PLANTIER n\u00e9e BOUNIOL","description":"ASSOCIATION POUR LA VERITE SUR L&#039;ASSASSINAT DE SOPHIE TOSCAN DU PLANTIER n\u00e9e BOUNIOL","publisher":{"@id":"https:\/\/assoph.org\/assoph\/#organization"},"alternateName":"ASSOPH","potentialAction":[{"@type":"SearchAction","target":{"@type":"EntryPoint","urlTemplate":"https:\/\/assoph.org\/assoph\/?s={search_term_string}"},"query-input":{"@type":"PropertyValueSpecification","valueRequired":true,"valueName":"search_term_string"}}],"inLanguage":"en-GB"},{"@type":"Organization","@id":"https:\/\/assoph.org\/assoph\/#organization","name":"ASSOCIATION POUR LA VERITE SUR L'ASSASSINAT DE SOPHIE TOSCAN DU PLANTIER n\u00e9e BOUNIOL","alternateName":"Assoph","url":"https:\/\/assoph.org\/assoph\/","logo":{"@type":"ImageObject","inLanguage":"en-GB","@id":"https:\/\/assoph.org\/assoph\/#\/schema\/logo\/image\/","url":"https:\/\/assoph.org\/assoph\/wp-content\/uploads\/2021\/11\/logoassophVectorise.jpg","contentUrl":"https:\/\/assoph.org\/assoph\/wp-content\/uploads\/2021\/11\/logoassophVectorise.jpg","width":417,"height":286,"caption":"ASSOCIATION POUR LA VERITE SUR L'ASSASSINAT DE SOPHIE TOSCAN DU PLANTIER n\u00e9e BOUNIOL"},"image":{"@id":"https:\/\/assoph.org\/assoph\/#\/schema\/logo\/image\/"},"sameAs":["https:\/\/www.facebook.com\/people\/Assoph\/100064615215201\/"]}]}},"brizy_media":[{"id":166,"url":"https:\/\/assoph.org\/assoph\/wp-content\/uploads\/2021\/12\/livre.jpg","name":"livre.jpg","meta":{"brizy_attachment_uid":"wp-89664b807565f84f0222b37e0b0126f6.jpg","brizy_post_uid":["1aceea9ad51edfb21a4cf6b2097be7d9"]}}],"_links":{"self":[{"href":"https:\/\/assoph.org\/assoph\/en\/wp-json\/wp\/v2\/pages\/157","targetHints":{"allow":["GET"]}}],"collection":[{"href":"https:\/\/assoph.org\/assoph\/en\/wp-json\/wp\/v2\/pages"}],"about":[{"href":"https:\/\/assoph.org\/assoph\/en\/wp-json\/wp\/v2\/types\/page"}],"author":[{"embeddable":true,"href":"https:\/\/assoph.org\/assoph\/en\/wp-json\/wp\/v2\/users\/1"}],"replies":[{"embeddable":true,"href":"https:\/\/assoph.org\/assoph\/en\/wp-json\/wp\/v2\/comments?post=157"}],"version-history":[{"count":149,"href":"https:\/\/assoph.org\/assoph\/en\/wp-json\/wp\/v2\/pages\/157\/revisions"}],"predecessor-version":[{"id":1163,"href":"https:\/\/assoph.org\/assoph\/en\/wp-json\/wp\/v2\/pages\/157\/revisions\/1163"}],"wp:attachment":[{"href":"https:\/\/assoph.org\/assoph\/en\/wp-json\/wp\/v2\/media?parent=157"}],"curies":[{"name":"wp","href":"https:\/\/api.w.org\/{rel}","templated":true}]}}